{"id":219,"date":"2017-12-07T00:02:09","date_gmt":"2017-12-07T00:02:09","guid":{"rendered":"http:\/\/mi-pagina.mx\/?page_id=219"},"modified":"2025-07-07T13:17:55","modified_gmt":"2025-07-07T19:17:55","slug":"contacto","status":"publish","type":"page","link":"https:\/\/mi-pagina.mx\/guadalajara\/contacto\/","title":{"rendered":"Contacto"},"content":{"rendered":"<p>[et_pb_section fb_built=\u00bb1&#8243; _builder_version=\u00bb4.16&#8243; global_colors_info=\u00bb{}\u00bb][et_pb_row column_structure=\u00bb1_2,1_2&#8243; _builder_version=\u00bb4.16&#8243; global_colors_info=\u00bb{}\u00bb][et_pb_column type=\u00bb1_2&#8243; _builder_version=\u00bb4.16&#8243; custom_padding=\u00bb|||\u00bb global_colors_info=\u00bb{}\u00bb custom_padding__hover=\u00bb|||\u00bb][et_pb_text module_class=\u00bbtitlecontacto\u00bb _builder_version=\u00bb4.27.0&#8243; text_text_shadow_style=\u00bbpreset2&#8243; global_colors_info=\u00bb{}\u00bb]<\/p>\n<h1><span style=\"color: #5cc6d0;\"><strong>CONT\u00c1CTANOS<\/strong><\/span><\/h1>\n\n<div class=\"wpcf7 no-js\" id=\"wpcf7-f353-o1\" lang=\"es-ES\" dir=\"ltr\" data-wpcf7-id=\"353\">\n<div class=\"screen-reader-response\"><p role=\"status\" aria-live=\"polite\" aria-atomic=\"true\"><\/p> <ul><\/ul><\/div>\n<form action=\"\/guadalajara\/wp-json\/wp\/v2\/pages\/219#wpcf7-f353-o1\" method=\"post\" class=\"wpcf7-form init\" aria-label=\"Formulario de contacto\" novalidate=\"novalidate\" data-status=\"init\">\n<fieldset class=\"hidden-fields-container\"><input type=\"hidden\" name=\"_wpcf7\" value=\"353\" \/><input type=\"hidden\" name=\"_wpcf7_version\" value=\"6.1.5\" \/><input type=\"hidden\" name=\"_wpcf7_locale\" value=\"es_ES\" \/><input type=\"hidden\" name=\"_wpcf7_unit_tag\" value=\"wpcf7-f353-o1\" \/><input type=\"hidden\" name=\"_wpcf7_container_post\" value=\"0\" \/><input type=\"hidden\" name=\"_wpcf7_posted_data_hash\" value=\"\" \/>\n<\/fieldset>\n<div id=\"responsive-form\" class=\"clearfix\">\n\t<div class=\"form-row\">\n\t\t<div class=\"column-half\">\n\t\t\t<p>Nombre: <span class=\"wpcf7-form-control-wrap\" data-name=\"your-name\"><input size=\"40\" maxlength=\"400\" class=\"wpcf7-form-control wpcf7-text wpcf7-validates-as-required\" aria-required=\"true\" aria-invalid=\"false\" placeholder=\"Nombre\" value=\"\" type=\"text\" name=\"your-name\" \/><\/span>\n\t\t\t<\/p>\n\t\t<\/div>\n\t\t<div class=\"column-half\">\n\t\t\t<p>Email: <span class=\"wpcf7-form-control-wrap\" data-name=\"your-email\"><input size=\"40\" maxlength=\"400\" class=\"wpcf7-form-control wpcf7-email wpcf7-validates-as-required wpcf7-text wpcf7-validates-as-email\" aria-required=\"true\" aria-invalid=\"false\" placeholder=\"Email\" value=\"\" type=\"email\" name=\"your-email\" \/><\/span>\n\t\t\t<\/p>\n\t\t<\/div>\n\t<\/div>\n\t<div class=\"form-row\">\n\t\t<div class=\"column-full\">\n\t\t\t<p>Tel\u00e9fono: <span class=\"wpcf7-form-control-wrap\" data-name=\"your-phone\"><input size=\"40\" maxlength=\"400\" class=\"wpcf7-form-control wpcf7-tel wpcf7-validates-as-required wpcf7-text wpcf7-validates-as-tel\" aria-required=\"true\" aria-invalid=\"false\" value=\"\" type=\"tel\" name=\"your-phone\" \/><\/span>\n\t\t\t<\/p>\n\t\t<\/div>\n\t<\/div>\n\t<div class=\"form-row\">\n\t\t<div class=\"column-full\">\n\t\t\t<p>\u00bfEn que podemos ayudarte?: <span class=\"wpcf7-form-control-wrap\" data-name=\"your-message\"><textarea cols=\"40\" rows=\"10\" maxlength=\"2000\" class=\"wpcf7-form-control wpcf7-textarea\" aria-invalid=\"false\" name=\"your-message\"><\/textarea><\/span>\n\t\t\t<\/p>\n\t\t<\/div>\n\t\t<p><span id=\"wpcf7-69d2409ded801-wrapper\" class=\"wpcf7-form-control-wrap sitioweb-wrap\" style=\"display:none !important; visibility:hidden !important;\"><label for=\"wpcf7-69d2409ded801-field\" class=\"hp-message\">Por favor, deja este campo vac\u00edo.<\/label><input id=\"wpcf7-69d2409ded801-field\"  placeholder=\"Sitio web\"  class=\"wpcf7-form-control wpcf7-text\" type=\"text\" name=\"sitioweb\" value=\"\" size=\"40\" tabindex=\"-1\" autocomplete=\"off\" \/><\/span>\n\t\t<\/p>\n\t\t<div class=\"column-full\">\n\t\t<\/div>\n\t<\/div>\n\t<div class=\"form-row\">\n\t\t<div class=\"column-half\">\n\t\t\t<p><div class=\"cf7-cf-turnstile\" style=\"margin-top: 0px; margin-bottom: -15px;\"> <div id=\"cf-turnstile-cf7-1932847884\" class=\"cf-turnstile\" data-callback=\"turnstileCF7Callback\" data-sitekey=\"0x4AAAAAAAhxfUoQYdIGloyG\" data-theme=\"light\" data-language=\"auto\" data-size=\"\" data-retry=\"auto\" data-retry-interval=\"1000\" data-refresh-expired=\"auto\" data-action=\"contact-form-7\" data-appearance=\"always\"><\/div> <style>.wpcf7-submit { pointer-events: none; opacity: 0.5; }<\/style> <script>document.addEventListener(\"DOMContentLoaded\", function() { setTimeout(function(){ var e=document.getElementById(\"cf-turnstile-cf7-1932847884\"); e&&!e.innerHTML.trim()&&(turnstile.remove(\"#cf-turnstile-cf7-1932847884\"), turnstile.render(\"#cf-turnstile-cf7-1932847884\", {sitekey:\"0x4AAAAAAAhxfUoQYdIGloyG\"})); }, 100); });<\/script> <br class=\"cf-turnstile-br cf-turnstile-br-cf7-1932847884\"> <style>#cf-turnstile-cf7-1932847884 { margin-left: -15px; }<\/style> <script>document.addEventListener(\"DOMContentLoaded\",function(){document.querySelectorAll('.wpcf7-form').forEach(function(e){e.addEventListener('submit',function(){if(document.getElementById('cf-turnstile-cf7-1932847884')){setTimeout(function(){turnstile.reset('#cf-turnstile-cf7-1932847884');},1000)}})})});<\/script> <\/div><br\/><input class=\"wpcf7-form-control wpcf7-submit has-spinner\" type=\"submit\" value=\"Enviar\" \/>\n\t\t\t<\/p>\n\t\t<\/div>\n\t<\/div>\n<\/div><!--end responsive-form--><p style=\"display: none !important;\" class=\"akismet-fields-container\" data-prefix=\"_wpcf7_ak_\"><label>&#916;<textarea name=\"_wpcf7_ak_hp_textarea\" cols=\"45\" rows=\"8\" maxlength=\"100\"><\/textarea><\/label><input type=\"hidden\" id=\"ak_js_1\" name=\"_wpcf7_ak_js\" value=\"62\"\/><script>document.getElementById( \"ak_js_1\" ).setAttribute( \"value\", ( new Date() ).getTime() );<\/script><\/p><div class=\"wpcf7-response-output\" aria-hidden=\"true\"><\/div>\n<\/form>\n<\/div>\n\n<p>[\/et_pb_text][\/et_pb_column][et_pb_column type=\u00bb1_2&#8243; _builder_version=\u00bb4.16&#8243; custom_padding=\u00bb|||\u00bb global_colors_info=\u00bb{}\u00bb custom_padding__hover=\u00bb|||\u00bb][et_pb_image src=\u00bbhttp:\/\/mi-pagina.mx\/wp-content\/uploads\/2017\/12\/telefonoLata1.png\u00bb align=\u00bbcenter\u00bb align_tablet=\u00bbcenter\u00bb align_phone=\u00bbcenter\u00bb align_last_edited=\u00bbon|desktop\u00bb _builder_version=\u00bb4.16&#8243; always_center_on_mobile=\u00bbon\u00bb global_colors_info=\u00bb{}\u00bb][\/et_pb_image][et_pb_button button_url=\u00bbtel:%203317153767&#8243; button_text=\u00bbGUADALAJARA: 33 1715 3767&#8243; _builder_version=\u00bb4.16&#8243; global_colors_info=\u00bb{}\u00bb button_text_size__hover_enabled=\u00bboff\u00bb button_one_text_size__hover_enabled=\u00bboff\u00bb button_two_text_size__hover_enabled=\u00bboff\u00bb button_text_color__hover_enabled=\u00bboff\u00bb button_one_text_color__hover_enabled=\u00bboff\u00bb button_two_text_color__hover_enabled=\u00bboff\u00bb button_border_width__hover_enabled=\u00bboff\u00bb button_one_border_width__hover_enabled=\u00bboff\u00bb button_two_border_width__hover_enabled=\u00bboff\u00bb button_border_color__hover_enabled=\u00bboff\u00bb button_one_border_color__hover_enabled=\u00bboff\u00bb button_two_border_color__hover_enabled=\u00bboff\u00bb button_border_radius__hover_enabled=\u00bboff\u00bb button_one_border_radius__hover_enabled=\u00bboff\u00bb button_two_border_radius__hover_enabled=\u00bboff\u00bb button_letter_spacing__hover_enabled=\u00bboff\u00bb button_one_letter_spacing__hover_enabled=\u00bboff\u00bb button_two_letter_spacing__hover_enabled=\u00bboff\u00bb button_bg_color__hover_enabled=\u00bboff\u00bb button_one_bg_color__hover_enabled=\u00bboff\u00bb button_two_bg_color__hover_enabled=\u00bboff\u00bb][\/et_pb_button][et_pb_button button_url=\u00bbmailto:info@mi-pagina.com\u00bb button_text=\u00bbCorreo: info@mi-pagina.com\u00bb _builder_version=\u00bb4.16&#8243; global_colors_info=\u00bb{}\u00bb button_text_size__hover_enabled=\u00bboff\u00bb button_one_text_size__hover_enabled=\u00bboff\u00bb button_two_text_size__hover_enabled=\u00bboff\u00bb button_text_color__hover_enabled=\u00bboff\u00bb button_one_text_color__hover_enabled=\u00bboff\u00bb button_two_text_color__hover_enabled=\u00bboff\u00bb button_border_width__hover_enabled=\u00bboff\u00bb button_one_border_width__hover_enabled=\u00bboff\u00bb button_two_border_width__hover_enabled=\u00bboff\u00bb button_border_color__hover_enabled=\u00bboff\u00bb button_one_border_color__hover_enabled=\u00bboff\u00bb button_two_border_color__hover_enabled=\u00bboff\u00bb button_border_radius__hover_enabled=\u00bboff\u00bb button_one_border_radius__hover_enabled=\u00bboff\u00bb button_two_border_radius__hover_enabled=\u00bboff\u00bb button_letter_spacing__hover_enabled=\u00bboff\u00bb button_one_letter_spacing__hover_enabled=\u00bboff\u00bb button_two_letter_spacing__hover_enabled=\u00bboff\u00bb button_bg_color__hover_enabled=\u00bboff\u00bb button_one_bg_color__hover_enabled=\u00bboff\u00bb button_two_bg_color__hover_enabled=\u00bboff\u00bb][\/et_pb_button][et_pb_social_media_follow follow_button=\u00bbon\u00bb _builder_version=\u00bb4.16&#8243; global_colors_info=\u00bb{}\u00bb][et_pb_social_media_follow_network social_network=\u00bbfacebook\u00bb url=\u00bbhttps:\/\/www.facebook.com\/mipaginaenlinea\u00bb _builder_version=\u00bb4.16&#8243; background_color=\u00bb#3b5998&#8243; global_colors_info=\u00bb{}\u00bb follow_button=\u00bbon\u00bb url_new_window=\u00bbon\u00bb] Facebook [\/et_pb_social_media_follow_network][\/et_pb_social_media_follow][\/et_pb_column][\/et_pb_row][et_pb_row use_custom_gutter=\u00bbon\u00bb gutter_width=\u00bb1&#8243; module_class=\u00bb et_pb_row_fullwidth\u00bb _builder_version=\u00bb4.16&#8243; use_background_color_gradient=\u00bbon\u00bb background_color_gradient_stops=\u00bbrgba(255,255,255,0.33) 0%|rgba(41,196,169,0.67) 100%\u00bb background_color_gradient_start=\u00bbrgba(255,255,255,0.33)\u00bb background_color_gradient_end=\u00bbrgba(41,196,169,0.67)\u00bb width=\u00bb100%\u00bb width_tablet=\u00bb100%\u00bb width_phone=\u00bb100%\u00bb width_last_edited=\u00bbon|desktop\u00bb max_width=\u00bb100%\u00bb max_width_tablet=\u00bb100%\u00bb max_width_phone=\u00bb100%\u00bb max_width_last_edited=\u00bbon|desktop\u00bb make_fullwidth=\u00bbon\u00bb global_colors_info=\u00bb{}\u00bb][et_pb_column type=\u00bb4_4&#8243; _builder_version=\u00bb4.16&#8243; custom_padding=\u00bb|||\u00bb global_colors_info=\u00bb{}\u00bb custom_padding__hover=\u00bb|||\u00bb][et_pb_text _builder_version=\u00bb4.16&#8243; global_colors_info=\u00bb{}\u00bb]<\/p>\n<h3 style=\"text-align: center;\">Vis\u00edtanos en nuestras oficinas<\/h3>\n<p>[\/et_pb_text][\/et_pb_column][\/et_pb_row][et_pb_row _builder_version=\u00bb4.16&#8243; background_size=\u00bbinitial\u00bb background_position=\u00bbtop_left\u00bb background_repeat=\u00bbrepeat\u00bb global_colors_info=\u00bb{}\u00bb][et_pb_column type=\u00bb4_4&#8243; _builder_version=\u00bb4.16&#8243; custom_padding=\u00bb|||\u00bb global_colors_info=\u00bb{}\u00bb custom_padding__hover=\u00bb|||\u00bb][et_pb_text module_class=\u00bbtxtdatoscontacto\u00bb _builder_version=\u00bb4.27.0&#8243; global_colors_info=\u00bb{}\u00bb]<\/p>\n<p style=\"text-align: center;\"><span style=\"color: #5cc6d0;\"><strong>Guadalajara:<\/strong><\/span> Av. Manuel Acu\u00f1a 2952, Prados Providencia<\/p>\n<p>[\/et_pb_text][et_pb_code _builder_version=\u00bb4.27.0&#8243; global_colors_info=\u00bb{}\u00bb]<iframe src=\"https:\/\/www.google.com\/maps\/embed?pb=!1m14!1m8!1m3!1d14930.501638318625!2d-103.3905454!3d20.6848134!3m2!1i1024!2i768!4f13.1!3m3!1m2!1s0x0%3A0xe19d367a6fc13bad!2sAv. Manuel Acu\u00f1a 2952!5e0!3m2!1ses!2smx!4v1663077322815!5m2!1ses!2smx\" width=\"1200\" height=\"300\" style=\"border:0;\" allowfullscreen=\"\" loading=\"lazy\" referrerpolicy=\"no-referrer-when-downgrade\"><\/iframe>[\/et_pb_code][\/et_pb_column][\/et_pb_row][\/et_pb_section]<\/p>\n","protected":false},"excerpt":{"rendered":"<p>CONT\u00c1CTANOS \n<div class=\"wpcf7 no-js\" id=\"wpcf7-f353-o2\" lang=\"es-ES\" dir=\"ltr\" data-wpcf7-id=\"353\">\n<div class=\"screen-reader-response\"><p role=\"status\" aria-live=\"polite\" aria-atomic=\"true\"><\/p> <ul><\/ul><\/div>\n<form action=\"\/guadalajara\/wp-json\/wp\/v2\/pages\/219#wpcf7-f353-o2\" method=\"post\" class=\"wpcf7-form init\" aria-label=\"Formulario de contacto\" novalidate=\"novalidate\" data-status=\"init\">\n<fieldset class=\"hidden-fields-container\"><input type=\"hidden\" name=\"_wpcf7\" value=\"353\" \/><input type=\"hidden\" name=\"_wpcf7_version\" value=\"6.1.5\" \/><input type=\"hidden\" name=\"_wpcf7_locale\" value=\"es_ES\" \/><input type=\"hidden\" name=\"_wpcf7_unit_tag\" value=\"wpcf7-f353-o2\" \/><input type=\"hidden\" name=\"_wpcf7_container_post\" value=\"0\" \/><input type=\"hidden\" name=\"_wpcf7_posted_data_hash\" value=\"\" \/>\n<\/fieldset>\n<div id=\"responsive-form\" class=\"clearfix\">\n\t<div class=\"form-row\">\n\t\t<div class=\"column-half\">\n\t\t\t<p>Nombre: <span class=\"wpcf7-form-control-wrap\" data-name=\"your-name\"><input size=\"40\" maxlength=\"400\" class=\"wpcf7-form-control wpcf7-text wpcf7-validates-as-required\" aria-required=\"true\" aria-invalid=\"false\" placeholder=\"Nombre\" value=\"\" type=\"text\" name=\"your-name\" \/><\/span>\n\t\t\t<\/p>\n\t\t<\/div>\n\t\t<div class=\"column-half\">\n\t\t\t<p>Email: <span class=\"wpcf7-form-control-wrap\" data-name=\"your-email\"><input size=\"40\" maxlength=\"400\" class=\"wpcf7-form-control wpcf7-email wpcf7-validates-as-required wpcf7-text wpcf7-validates-as-email\" aria-required=\"true\" aria-invalid=\"false\" placeholder=\"Email\" value=\"\" type=\"email\" name=\"your-email\" \/><\/span>\n\t\t\t<\/p>\n\t\t<\/div>\n\t<\/div>\n\t<div class=\"form-row\">\n\t\t<div class=\"column-full\">\n\t\t\t<p>Tel\u00e9fono: <span class=\"wpcf7-form-control-wrap\" data-name=\"your-phone\"><input size=\"40\" maxlength=\"400\" class=\"wpcf7-form-control wpcf7-tel wpcf7-validates-as-required wpcf7-text wpcf7-validates-as-tel\" aria-required=\"true\" aria-invalid=\"false\" value=\"\" type=\"tel\" name=\"your-phone\" \/><\/span>\n\t\t\t<\/p>\n\t\t<\/div>\n\t<\/div>\n\t<div class=\"form-row\">\n\t\t<div class=\"column-full\">\n\t\t\t<p>\u00bfEn que podemos ayudarte?: <span class=\"wpcf7-form-control-wrap\" data-name=\"your-message\"><textarea cols=\"40\" rows=\"10\" maxlength=\"2000\" class=\"wpcf7-form-control wpcf7-textarea\" aria-invalid=\"false\" name=\"your-message\"><\/textarea><\/span>\n\t\t\t<\/p>\n\t\t<\/div>\n\t\t<p><span id=\"wpcf7-69d2409e04b34-wrapper\" class=\"wpcf7-form-control-wrap sitioweb-wrap\" style=\"display:none !important; visibility:hidden !important;\"><label for=\"wpcf7-69d2409e04b34-field\" class=\"hp-message\">Por favor, deja este campo vac\u00edo.<\/label><input id=\"wpcf7-69d2409e04b34-field\"  placeholder=\"Sitio web\"  class=\"wpcf7-form-control wpcf7-text\" type=\"text\" name=\"sitioweb\" value=\"\" size=\"40\" tabindex=\"-1\" autocomplete=\"off\" \/><\/span>\n\t\t<\/p>\n\t\t<div class=\"column-full\">\n\t\t<\/div>\n\t<\/div>\n\t<div class=\"form-row\">\n\t\t<div class=\"column-half\">\n\t\t\t<p><div class=\"cf7-cf-turnstile\" style=\"margin-top: 0px; margin-bottom: -15px;\"> <div id=\"cf-turnstile-cf7-3276307814\" class=\"cf-turnstile\" data-callback=\"turnstileCF7Callback\" data-sitekey=\"0x4AAAAAAAhxfUoQYdIGloyG\" data-theme=\"light\" data-language=\"auto\" data-size=\"\" data-retry=\"auto\" data-retry-interval=\"1000\" data-refresh-expired=\"auto\" data-action=\"contact-form-7\" data-appearance=\"always\"><\/div> <style>.wpcf7-submit { pointer-events: none; opacity: 0.5; }<\/style> <script>document.addEventListener(\"DOMContentLoaded\", function() { setTimeout(function(){ var e=document.getElementById(\"cf-turnstile-cf7-3276307814\"); e&&!e.innerHTML.trim()&&(turnstile.remove(\"#cf-turnstile-cf7-3276307814\"), turnstile.render(\"#cf-turnstile-cf7-3276307814\", {sitekey:\"0x4AAAAAAAhxfUoQYdIGloyG\"})); }, 100); });<\/script> <br class=\"cf-turnstile-br cf-turnstile-br-cf7-3276307814\"> <style>#cf-turnstile-cf7-3276307814 { margin-left: -15px; }<\/style> <script>document.addEventListener(\"DOMContentLoaded\",function(){document.querySelectorAll('.wpcf7-form').forEach(function(e){e.addEventListener('submit',function(){if(document.getElementById('cf-turnstile-cf7-3276307814')){setTimeout(function(){turnstile.reset('#cf-turnstile-cf7-3276307814');},1000)}})})});<\/script> <\/div><br\/><input class=\"wpcf7-form-control wpcf7-submit has-spinner\" type=\"submit\" value=\"Enviar\" \/>\n\t\t\t<\/p>\n\t\t<\/div>\n\t<\/div>\n<\/div><!--end responsive-form--><p style=\"display: none !important;\" class=\"akismet-fields-container\" data-prefix=\"_wpcf7_ak_\"><label>&#916;<textarea name=\"_wpcf7_ak_hp_textarea\" cols=\"45\" rows=\"8\" maxlength=\"100\"><\/textarea><\/label><input type=\"hidden\" id=\"ak_js_2\" name=\"_wpcf7_ak_js\" value=\"228\"\/><script>document.getElementById( \"ak_js_2\" ).setAttribute( \"value\", ( new Date() ).getTime() );<\/script><\/p><div class=\"wpcf7-response-output\" aria-hidden=\"true\"><\/div>\n<\/form>\n<\/div>\nVis\u00edtanos en nuestras oficinas Guadalajara: Av. Manuel Acu\u00f1a 2952, Prados Providencia<\/p>\n","protected":false},"author":1,"featured_media":0,"parent":0,"menu_order":0,"comment_status":"closed","ping_status":"closed","template":"","meta":{"_et_pb_use_builder":"on","_et_pb_old_content":"","_et_gb_content_width":"","footnotes":""},"class_list":["post-219","page","type-page","status-publish","hentry"],"yoast_head":"<!-- This site is optimized with the Yoast SEO plugin v23.3 - https:\/\/yoast.com\/wordpress\/plugins\/seo\/ -->\n<title>Cont\u00e1ctanos queremos ser parte de tu proyecto | Mi P\u00e1gina Guadalajara<\/title>\n<meta name=\"description\" content=\"Pl\u00e1ticanos de tu proyecto, queremos ayudarte a alcanzar tus objetivos \u2705 A la medida de tus necesidades \u2705 Conviertete en la primera opci\u00f3n\" \/>\n<meta name=\"robots\" content=\"index, follow, max-snippet:-1, max-image-preview:large, max-video-preview:-1\" \/>\n<link rel=\"canonical\" href=\"https:\/\/mi-pagina.mx\/guadalajara\/contacto\/\" \/>\n<meta property=\"og:locale\" content=\"es_ES\" \/>\n<meta property=\"og:type\" content=\"article\" \/>\n<meta property=\"og:title\" content=\"Cont\u00e1ctanos queremos ser parte de tu proyecto | Mi Pagina.mx\" \/>\n<meta property=\"og:description\" content=\"Pl\u00e1ticanos de tu proyecto, queremos ayudarte a alcanzar tus objetivos \u2705 A la medida de tus necesidades \u2705 Conviertete en la primera opci\u00f3n\" \/>\n<meta property=\"og:url\" content=\"https:\/\/mi-pagina.mx\/guadalajara\/contacto\/\" \/>\n<meta property=\"og:site_name\" content=\"Mi Pagina\" \/>\n<meta property=\"article:modified_time\" content=\"2025-07-07T19:17:55+00:00\" \/>\n<meta property=\"og:image\" content=\"https:\/\/mi-pagina.mx\/guadalajara\/wp-content\/uploads\/2022\/01\/Mi-Pagina-Agencia-de-Marketing-Mexico.png\" \/>\n\t<meta property=\"og:image:width\" content=\"501\" \/>\n\t<meta property=\"og:image:height\" content=\"85\" \/>\n\t<meta property=\"og:image:type\" content=\"image\/png\" \/>\n<meta name=\"twitter:card\" content=\"summary_large_image\" \/>\n<meta name=\"twitter:title\" content=\"Cont\u00e1ctanos queremos ser parte de tu proyecto | Mi Pagina.mx\" \/>\n<meta name=\"twitter:description\" content=\"Pl\u00e1ticanos de tu proyecto, queremos ayudarte a alcanzar tus objetivos \u2705 A la medida de tus necesidades \u2705 Conviertete en la primera opci\u00f3n\" \/>\n<meta name=\"twitter:image\" content=\"https:\/\/mi-pagina.mx\/guadalajara\/wp-content\/uploads\/2022\/01\/Mi-Pagina-Agencia-de-Marketing-Mexico.png\" \/>\n<meta name=\"twitter:label1\" content=\"Tiempo de lectura\" \/>\n\t<meta name=\"twitter:data1\" content=\"1 minuto\" \/>\n<script type=\"application\/ld+json\" class=\"yoast-schema-graph\">{\"@context\":\"https:\/\/schema.org\",\"@graph\":[{\"@type\":\"WebPage\",\"@id\":\"https:\/\/mi-pagina.mx\/guadalajara\/contacto\/\",\"url\":\"https:\/\/mi-pagina.mx\/guadalajara\/contacto\/\",\"name\":\"Cont\u00e1ctanos queremos ser parte de tu proyecto | Mi P\u00e1gina Guadalajara\",\"isPartOf\":{\"@id\":\"https:\/\/mi-pagina.mx\/guadalajara\/#website\"},\"datePublished\":\"2017-12-07T00:02:09+00:00\",\"dateModified\":\"2025-07-07T19:17:55+00:00\",\"description\":\"Pl\u00e1ticanos de tu proyecto, queremos ayudarte a alcanzar tus objetivos \u2705 A la medida de tus necesidades \u2705 Conviertete en la primera opci\u00f3n\",\"breadcrumb\":{\"@id\":\"https:\/\/mi-pagina.mx\/guadalajara\/contacto\/#breadcrumb\"},\"inLanguage\":\"es\",\"potentialAction\":[{\"@type\":\"ReadAction\",\"target\":[\"https:\/\/mi-pagina.mx\/guadalajara\/contacto\/\"]}]},{\"@type\":\"BreadcrumbList\",\"@id\":\"https:\/\/mi-pagina.mx\/guadalajara\/contacto\/#breadcrumb\",\"itemListElement\":[{\"@type\":\"ListItem\",\"position\":1,\"name\":\"Portada\",\"item\":\"https:\/\/mi-pagina.mx\/guadalajara\/\"},{\"@type\":\"ListItem\",\"position\":2,\"name\":\"Contacto\"}]},{\"@type\":\"WebSite\",\"@id\":\"https:\/\/mi-pagina.mx\/guadalajara\/#website\",\"url\":\"https:\/\/mi-pagina.mx\/guadalajara\/\",\"name\":\"Mi Pagina\",\"description\":\"Dise\u00f1o de Paginas Web en Puebla\",\"publisher\":{\"@id\":\"https:\/\/mi-pagina.mx\/guadalajara\/#organization\"},\"potentialAction\":[{\"@type\":\"SearchAction\",\"target\":{\"@type\":\"EntryPoint\",\"urlTemplate\":\"https:\/\/mi-pagina.mx\/guadalajara\/?s={search_term_string}\"},\"query-input\":\"required name=search_term_string\"}],\"inLanguage\":\"es\"},{\"@type\":\"Organization\",\"@id\":\"https:\/\/mi-pagina.mx\/guadalajara\/#organization\",\"name\":\"Mi P\u00e1gina.mx\",\"url\":\"https:\/\/mi-pagina.mx\/guadalajara\/\",\"logo\":{\"@type\":\"ImageObject\",\"inLanguage\":\"es\",\"@id\":\"https:\/\/mi-pagina.mx\/guadalajara\/#\/schema\/logo\/image\/\",\"url\":\"https:\/\/mi-pagina.mx\/wp-content\/uploads\/2022\/01\/Mi-Pagina-Agencia-de-Marketing-Mexico.png\",\"contentUrl\":\"https:\/\/mi-pagina.mx\/wp-content\/uploads\/2022\/01\/Mi-Pagina-Agencia-de-Marketing-Mexico.png\",\"width\":501,\"height\":85,\"caption\":\"Mi P\u00e1gina.mx\"},\"image\":{\"@id\":\"https:\/\/mi-pagina.mx\/guadalajara\/#\/schema\/logo\/image\/\"}}]}<\/script>\n<!-- \/ Yoast SEO plugin. -->","yoast_head_json":{"title":"Cont\u00e1ctanos queremos ser parte de tu proyecto | Mi P\u00e1gina Guadalajara","description":"Pl\u00e1ticanos de tu proyecto, queremos ayudarte a alcanzar tus objetivos \u2705 A la medida de tus necesidades \u2705 Conviertete en la primera opci\u00f3n","robots":{"index":"index","follow":"follow","max-snippet":"max-snippet:-1","max-image-preview":"max-image-preview:large","max-video-preview":"max-video-preview:-1"},"canonical":"https:\/\/mi-pagina.mx\/guadalajara\/contacto\/","og_locale":"es_ES","og_type":"article","og_title":"Cont\u00e1ctanos queremos ser parte de tu proyecto | Mi Pagina.mx","og_description":"Pl\u00e1ticanos de tu proyecto, queremos ayudarte a alcanzar tus objetivos \u2705 A la medida de tus necesidades \u2705 Conviertete en la primera opci\u00f3n","og_url":"https:\/\/mi-pagina.mx\/guadalajara\/contacto\/","og_site_name":"Mi Pagina","article_modified_time":"2025-07-07T19:17:55+00:00","og_image":[{"width":501,"height":85,"url":"https:\/\/mi-pagina.mx\/guadalajara\/wp-content\/uploads\/2022\/01\/Mi-Pagina-Agencia-de-Marketing-Mexico.png","type":"image\/png"}],"twitter_card":"summary_large_image","twitter_title":"Cont\u00e1ctanos queremos ser parte de tu proyecto | Mi Pagina.mx","twitter_description":"Pl\u00e1ticanos de tu proyecto, queremos ayudarte a alcanzar tus objetivos \u2705 A la medida de tus necesidades \u2705 Conviertete en la primera opci\u00f3n","twitter_image":"https:\/\/mi-pagina.mx\/guadalajara\/wp-content\/uploads\/2022\/01\/Mi-Pagina-Agencia-de-Marketing-Mexico.png","twitter_misc":{"Tiempo de lectura":"1 minuto"},"schema":{"@context":"https:\/\/schema.org","@graph":[{"@type":"WebPage","@id":"https:\/\/mi-pagina.mx\/guadalajara\/contacto\/","url":"https:\/\/mi-pagina.mx\/guadalajara\/contacto\/","name":"Cont\u00e1ctanos queremos ser parte de tu proyecto | Mi P\u00e1gina Guadalajara","isPartOf":{"@id":"https:\/\/mi-pagina.mx\/guadalajara\/#website"},"datePublished":"2017-12-07T00:02:09+00:00","dateModified":"2025-07-07T19:17:55+00:00","description":"Pl\u00e1ticanos de tu proyecto, queremos ayudarte a alcanzar tus objetivos \u2705 A la medida de tus necesidades \u2705 Conviertete en la primera opci\u00f3n","breadcrumb":{"@id":"https:\/\/mi-pagina.mx\/guadalajara\/contacto\/#breadcrumb"},"inLanguage":"es","potentialAction":[{"@type":"ReadAction","target":["https:\/\/mi-pagina.mx\/guadalajara\/contacto\/"]}]},{"@type":"BreadcrumbList","@id":"https:\/\/mi-pagina.mx\/guadalajara\/contacto\/#breadcrumb","itemListElement":[{"@type":"ListItem","position":1,"name":"Portada","item":"https:\/\/mi-pagina.mx\/guadalajara\/"},{"@type":"ListItem","position":2,"name":"Contacto"}]},{"@type":"WebSite","@id":"https:\/\/mi-pagina.mx\/guadalajara\/#website","url":"https:\/\/mi-pagina.mx\/guadalajara\/","name":"Mi Pagina","description":"Dise\u00f1o de Paginas Web en Puebla","publisher":{"@id":"https:\/\/mi-pagina.mx\/guadalajara\/#organization"},"potentialAction":[{"@type":"SearchAction","target":{"@type":"EntryPoint","urlTemplate":"https:\/\/mi-pagina.mx\/guadalajara\/?s={search_term_string}"},"query-input":"required name=search_term_string"}],"inLanguage":"es"},{"@type":"Organization","@id":"https:\/\/mi-pagina.mx\/guadalajara\/#organization","name":"Mi P\u00e1gina.mx","url":"https:\/\/mi-pagina.mx\/guadalajara\/","logo":{"@type":"ImageObject","inLanguage":"es","@id":"https:\/\/mi-pagina.mx\/guadalajara\/#\/schema\/logo\/image\/","url":"https:\/\/mi-pagina.mx\/wp-content\/uploads\/2022\/01\/Mi-Pagina-Agencia-de-Marketing-Mexico.png","contentUrl":"https:\/\/mi-pagina.mx\/wp-content\/uploads\/2022\/01\/Mi-Pagina-Agencia-de-Marketing-Mexico.png","width":501,"height":85,"caption":"Mi P\u00e1gina.mx"},"image":{"@id":"https:\/\/mi-pagina.mx\/guadalajara\/#\/schema\/logo\/image\/"}}]}},"_links":{"self":[{"href":"https:\/\/mi-pagina.mx\/guadalajara\/wp-json\/wp\/v2\/pages\/219","targetHints":{"allow":["GET"]}}],"collection":[{"href":"https:\/\/mi-pagina.mx\/guadalajara\/wp-json\/wp\/v2\/pages"}],"about":[{"href":"https:\/\/mi-pagina.mx\/guadalajara\/wp-json\/wp\/v2\/types\/page"}],"author":[{"embeddable":true,"href":"https:\/\/mi-pagina.mx\/guadalajara\/wp-json\/wp\/v2\/users\/1"}],"replies":[{"embeddable":true,"href":"https:\/\/mi-pagina.mx\/guadalajara\/wp-json\/wp\/v2\/comments?post=219"}],"version-history":[{"count":17,"href":"https:\/\/mi-pagina.mx\/guadalajara\/wp-json\/wp\/v2\/pages\/219\/revisions"}],"predecessor-version":[{"id":1022,"href":"https:\/\/mi-pagina.mx\/guadalajara\/wp-json\/wp\/v2\/pages\/219\/revisions\/1022"}],"wp:attachment":[{"href":"https:\/\/mi-pagina.mx\/guadalajara\/wp-json\/wp\/v2\/media?parent=219"}],"curies":[{"name":"wp","href":"https:\/\/api.w.org\/{rel}","templated":true}]}}