{"id":217,"date":"2017-12-07T00:02:30","date_gmt":"2017-12-07T00:02:30","guid":{"rendered":"http:\/\/mi-pagina.mx\/?page_id=217"},"modified":"2025-07-07T13:15:48","modified_gmt":"2025-07-07T19:15:48","slug":"publicidad-en-google","status":"publish","type":"page","link":"https:\/\/mi-pagina.mx\/guadalajara\/publicidad-en-google\/","title":{"rendered":"Publicidad en Google"},"content":{"rendered":"<p>[et_pb_section fb_built=\u00bb1&#8243; module_class=\u00bbfilaequipo\u00bb _builder_version=\u00bb4.16&#8243; background_image=\u00bbhttps:\/\/mi-pagina.mx\/wp-content\/uploads\/2019\/03\/anuncios-google-ads-mi-pagina-agencia-certificada.jpg\u00bb background_size=\u00bbcontain\u00bb background_position=\u00bbbottom_right\u00bb global_colors_info=\u00bb{}\u00bb][et_pb_row _builder_version=\u00bb4.16&#8243; global_colors_info=\u00bb{}\u00bb column_structure=\u00bb1_2,1_2&#8243;][et_pb_column type=\u00bb1_2&#8243; _builder_version=\u00bb4.16&#8243; custom_padding=\u00bb|||\u00bb global_colors_info=\u00bb{}\u00bb custom_padding__hover=\u00bb|||\u00bb][et_pb_text _builder_version=\u00bb4.16&#8243; global_colors_info=\u00bb{}\u00bb]<\/p>\n<h1>Campa\u00f1as con Google Ads<\/h1>\n<h2>Somos socios certificado de Google.<\/h2>\n<p>&nbsp;<br \/>\n[\/et_pb_text][et_pb_image src=\u00bbhttps:\/\/mi-pagina.mx\/wp-content\/uploads\/2018\/01\/mi-pagina-google-partners.jpg\u00bb align_tablet=\u00bbcenter\u00bb align_last_edited=\u00bbon|desktop\u00bb _builder_version=\u00bb4.16&#8243; max_width=\u00bb50%\u00bb custom_margin=\u00bb-20px|||\u00bb always_center_on_mobile=\u00bbon\u00bb global_colors_info=\u00bb{}\u00bb align_phone=\u00bbcenter\u00bb][\/et_pb_image][et_pb_image src=\u00bbhttps:\/\/mi-pagina.mx\/wp-content\/uploads\/2019\/03\/mi-pagina-agencia-google-partner.jpg\u00bb align_tablet=\u00bbcenter\u00bb align_last_edited=\u00bbon|desktop\u00bb _builder_version=\u00bb4.16&#8243; max_width=\u00bb80%\u00bb always_center_on_mobile=\u00bbon\u00bb global_colors_info=\u00bb{}\u00bb align_phone=\u00bbcenter\u00bb][\/et_pb_image][\/et_pb_column][et_pb_column type=\u00bb1_2&#8243; _builder_version=\u00bb4.16&#8243; custom_padding=\u00bb|||\u00bb global_colors_info=\u00bb{}\u00bb custom_padding__hover=\u00bb|||\u00bb][et_pb_divider show_divider=\u00bboff\u00bb disabled_on=\u00bb|off|on\u00bb _builder_version=\u00bb4.16&#8243; height=\u00bb200px\u00bb global_colors_info=\u00bb{}\u00bb][\/et_pb_divider][\/et_pb_column][\/et_pb_row][\/et_pb_section][et_pb_section fb_built=\u00bb1&#8243; _builder_version=\u00bb4.16&#8243; custom_margin=\u00bb||0px|\u00bb custom_padding=\u00bb||0px|\u00bb global_colors_info=\u00bb{}\u00bb][et_pb_row _builder_version=\u00bb4.16&#8243; custom_margin=\u00bb||0px|\u00bb custom_padding=\u00bb||0px|\u00bb global_colors_info=\u00bb{}\u00bb column_structure=\u00bb1_2,1_2&#8243;][et_pb_column type=\u00bb1_2&#8243; _builder_version=\u00bb4.16&#8243; custom_padding=\u00bb|||\u00bb global_colors_info=\u00bb{}\u00bb custom_padding__hover=\u00bb|||\u00bb][et_pb_text module_class=\u00bbtituloindis\u00bb _builder_version=\u00bb4.16&#8243; global_colors_info=\u00bb{}\u00bb]<\/p>\n<h1 style=\"text-align: left;\"><strong><span style=\"color: #5cc6d0;\">POSICIONAMIENTO<\/span><\/strong><\/h1>\n<p>[\/et_pb_text][et_pb_text _builder_version=\u00bb4.16&#8243; global_colors_info=\u00bb{}\u00bb]La optimizaci\u00f3n de los motores de b\u00fasqueda comprende el tratamiento\u00a0<strong>adecuado<\/strong>\u00a0de la p\u00e1gina web y el\u00a0<strong>seguimiento diario<\/strong>\u00a0para que ocupe los\u00a0<strong>primeros lugares en el buscador<\/strong>.<\/p>\n<p class=\"Estilo7\" align=\"justify\">Primero determinamos de que forma\u00a0<strong>te est\u00e1n\u00a0buscando,\u00a0<\/strong>y a ser el\u00a0<strong>#1<\/strong>\u00a0entre esos<strong>\u00a0resultados<\/strong>.<\/p>\n<p>&nbsp;<\/p>\n<h3>\u00bfEl resultado?<\/h3>\n<ul>\n<li class=\"Estilo24\"><span class=\"Estilo25\"><strong>M\u00e1s\u00a0personas<\/strong>\u00a0llegando a<strong>: tu empresa, marca, servicios o productos.<\/strong><\/span><\/li>\n<li class=\"Estilo30\">Tu p\u00e1gina web aparecer\u00e1 en las primeras hojas de resultados org\u00e1nicamente.<\/li>\n<\/ul>\n<p>[\/et_pb_text][\/et_pb_column][et_pb_column type=\u00bb1_2&#8243; _builder_version=\u00bb4.16&#8243; custom_padding=\u00bb|||\u00bb global_colors_info=\u00bb{}\u00bb custom_padding__hover=\u00bb|||\u00bb][et_pb_image src=\u00bbhttps:\/\/mi-pagina.mx\/wp-content\/uploads\/2018\/01\/Diseno-de-paginas-web-mi-pagina-buscadores.fw_.png\u00bb show_bottom_space=\u00bboff\u00bb align=\u00bbcenter\u00bb align_tablet=\u00bbcenter\u00bb align_last_edited=\u00bbon|desktop\u00bb _builder_version=\u00bb4.16&#8243; always_center_on_mobile=\u00bbon\u00bb global_colors_info=\u00bb{}\u00bb align_phone=\u00bbcenter\u00bb][\/et_pb_image][\/et_pb_column][\/et_pb_row][\/et_pb_section][et_pb_section fb_built=\u00bb1&#8243; _builder_version=\u00bb4.16&#8243; background_color=\u00bb#5cc6d0&#8243; use_background_color_gradient=\u00bbon\u00bb background_color_gradient_stops=\u00bb#5cc6d0 0%|#29c4a9 100%\u00bb background_color_gradient_start=\u00bb#5cc6d0&#8243; global_colors_info=\u00bb{}\u00bb][et_pb_row _builder_version=\u00bb4.16&#8243; background_size=\u00bbinitial\u00bb background_position=\u00bbtop_left\u00bb background_repeat=\u00bbrepeat\u00bb global_colors_info=\u00bb{}\u00bb column_structure=\u00bb1_2,1_2&#8243;][et_pb_column type=\u00bb1_2&#8243; _builder_version=\u00bb4.16&#8243; custom_padding=\u00bb|||\u00bb global_colors_info=\u00bb{}\u00bb custom_padding__hover=\u00bb|||\u00bb][et_pb_image src=\u00bbhttp:\/\/mi-pagina.mx\/wp-content\/uploads\/2017\/12\/posicionamiento-sem-mipaginamx.png\u00bb align=\u00bbcenter\u00bb align_tablet=\u00bbcenter\u00bb align_last_edited=\u00bbon|desktop\u00bb _builder_version=\u00bb4.16&#8243; always_center_on_mobile=\u00bbon\u00bb global_colors_info=\u00bb{}\u00bb align_phone=\u00bbcenter\u00bb][\/et_pb_image][\/et_pb_column][et_pb_column type=\u00bb1_2&#8243; _builder_version=\u00bb4.16&#8243; custom_padding=\u00bb|||\u00bb global_colors_info=\u00bb{}\u00bb custom_padding__hover=\u00bb|||\u00bb][et_pb_text module_class=\u00bbtxtsem\u00bb _builder_version=\u00bb4.16&#8243; global_colors_info=\u00bb{}\u00bb]<\/p>\n<h1>Search Engine Marketing<br \/>\n<span style=\"color: #ffffff;\"><strong>(SEM)<\/strong><\/span><\/h1>\n<p>EL marketing para los motores de b\u00fasqueda comprende el dirigir nuestros anuncios solo a aquellos quienes est\u00e1n interesadas en lo que ofertas en los distintos puntos geogr\u00e1ficos de tu regi\u00f3n, estado o a nivel nacional. Adem\u00e1s Google tiene presencia en m\u00e1s de 10mil sitios web donde tambi\u00e9n pueden aparecer tus anuncios.<br \/>\n[\/et_pb_text][\/et_pb_column][\/et_pb_row][\/et_pb_section][et_pb_section fb_built=\u00bb1&#8243; _builder_version=\u00bb4.16&#8243; global_colors_info=\u00bb{}\u00bb][et_pb_row _builder_version=\u00bb4.16&#8243; background_size=\u00bbinitial\u00bb background_position=\u00bbtop_left\u00bb background_repeat=\u00bbrepeat\u00bb global_colors_info=\u00bb{}\u00bb column_structure=\u00bb1_2,1_2&#8243;][et_pb_column type=\u00bb1_2&#8243; _builder_version=\u00bb4.16&#8243; custom_padding=\u00bb|||\u00bb global_colors_info=\u00bb{}\u00bb custom_padding__hover=\u00bb|||\u00bb][et_pb_text _builder_version=\u00bb4.16&#8243; global_colors_info=\u00bb{}\u00bb]\u00bfHas visto anuncios, de intereses particulares que tienes mientras navegas en alg\u00fan sitio web.<br \/>\nExiste un universo de posibilidades para hacerte llegar a quienes quieren conocerte.<br \/>\nTe ense\u00f1amos el camino adecuado.<br \/>\n[\/et_pb_text][\/et_pb_column][et_pb_column type=\u00bb1_2&#8243; _builder_version=\u00bb4.16&#8243; custom_padding=\u00bb|||\u00bb global_colors_info=\u00bb{}\u00bb custom_padding__hover=\u00bb|||\u00bb][et_pb_image src=\u00bbhttp:\/\/mi-pagina.mx\/wp-content\/uploads\/2017\/12\/googleAdwodsSEM.jpg\u00bb align=\u00bbcenter\u00bb align_tablet=\u00bbcenter\u00bb align_last_edited=\u00bbon|desktop\u00bb _builder_version=\u00bb4.16&#8243; always_center_on_mobile=\u00bbon\u00bb global_colors_info=\u00bb{}\u00bb align_phone=\u00bbcenter\u00bb][\/et_pb_image][\/et_pb_column][\/et_pb_row][\/et_pb_section]<\/p>\n","protected":false},"excerpt":{"rendered":"<p>Campa\u00f1as con Google Ads Somos socios certificado de Google. &nbsp; POSICIONAMIENTO La optimizaci\u00f3n de los motores de b\u00fasqueda comprende el tratamiento\u00a0adecuado\u00a0de la p\u00e1gina web y el\u00a0seguimiento diario\u00a0para que ocupe los\u00a0primeros lugares en el buscador. Primero determinamos de que forma\u00a0te est\u00e1n\u00a0buscando,\u00a0y a ser el\u00a0#1\u00a0entre esos\u00a0resultados. &nbsp; \u00bfEl resultado? M\u00e1s\u00a0personas\u00a0llegando a: tu empresa, marca, servicios o productos. [&hellip;]<\/p>\n","protected":false},"author":1,"featured_media":0,"parent":0,"menu_order":0,"comment_status":"closed","ping_status":"closed","template":"","meta":{"_et_pb_use_builder":"on","_et_pb_old_content":"","_et_gb_content_width":"","footnotes":""},"class_list":["post-217","page","type-page","status-publish","hentry"],"yoast_head":"<!-- This site is optimized with the Yoast SEO plugin v23.3 - https:\/\/yoast.com\/wordpress\/plugins\/seo\/ -->\n<title>Publicidad en Google atractiva y funcional | Mi P\u00e1gina Guadalajara<\/title>\n<meta name=\"description\" content=\"\u2705 Publicidad en Google \u2705 Conviertete en la primera opci\u00f3n cuando busquen tus productos o servicios \u2705 A la medida de tus necesidades\" \/>\n<meta name=\"robots\" content=\"index, follow, max-snippet:-1, max-image-preview:large, max-video-preview:-1\" \/>\n<link rel=\"canonical\" href=\"https:\/\/mi-pagina.mx\/guadalajara\/publicidad-en-google\/\" \/>\n<meta property=\"og:locale\" content=\"es_ES\" \/>\n<meta property=\"og:type\" content=\"article\" \/>\n<meta property=\"og:title\" content=\"Publicidad en Google atractiva y fuincional | Mi Pagina.mx\" \/>\n<meta property=\"og:description\" content=\"\u2705 Publicidad en Google \u2705 Conviertete en la primera opci\u00f3n cuando busquen tus productos o servicios \u2705 A la medida de tus necesidades\" \/>\n<meta property=\"og:url\" content=\"https:\/\/mi-pagina.mx\/guadalajara\/publicidad-en-google\/\" \/>\n<meta property=\"og:site_name\" content=\"Mi Pagina\" \/>\n<meta property=\"article:modified_time\" content=\"2025-07-07T19:15:48+00:00\" \/>\n<meta property=\"og:image\" content=\"https:\/\/mi-pagina.mx\/guadalajara\/wp-content\/uploads\/2022\/01\/Mi-Pagina-Agencia-de-Marketing-Mexico.png\" \/>\n\t<meta property=\"og:image:width\" content=\"501\" \/>\n\t<meta property=\"og:image:height\" content=\"85\" \/>\n\t<meta property=\"og:image:type\" content=\"image\/png\" \/>\n<meta name=\"twitter:card\" content=\"summary_large_image\" \/>\n<meta name=\"twitter:title\" content=\"Publicidad en Google atractiva y fuincional | Mi Pagina.mx\" \/>\n<meta name=\"twitter:description\" content=\"\u2705 Publicidad en Google \u2705 Conviertete en la primera opci\u00f3n cuando busquen tus productos o servicios \u2705 A la medida de tus necesidades\" \/>\n<meta name=\"twitter:image\" content=\"https:\/\/mi-pagina.mx\/guadalajara\/wp-content\/uploads\/2022\/01\/Mi-Pagina-Agencia-de-Marketing-Mexico.png\" \/>\n<meta name=\"twitter:label1\" content=\"Tiempo de lectura\" \/>\n\t<meta name=\"twitter:data1\" content=\"2 minutos\" \/>\n<script type=\"application\/ld+json\" class=\"yoast-schema-graph\">{\"@context\":\"https:\/\/schema.org\",\"@graph\":[{\"@type\":\"WebPage\",\"@id\":\"https:\/\/mi-pagina.mx\/guadalajara\/publicidad-en-google\/\",\"url\":\"https:\/\/mi-pagina.mx\/guadalajara\/publicidad-en-google\/\",\"name\":\"Publicidad en Google atractiva y funcional | Mi P\u00e1gina Guadalajara\",\"isPartOf\":{\"@id\":\"https:\/\/mi-pagina.mx\/guadalajara\/#website\"},\"datePublished\":\"2017-12-07T00:02:30+00:00\",\"dateModified\":\"2025-07-07T19:15:48+00:00\",\"description\":\"\u2705 Publicidad en Google \u2705 Conviertete en la primera opci\u00f3n cuando busquen tus productos o servicios \u2705 A la medida de tus necesidades\",\"breadcrumb\":{\"@id\":\"https:\/\/mi-pagina.mx\/guadalajara\/publicidad-en-google\/#breadcrumb\"},\"inLanguage\":\"es\",\"potentialAction\":[{\"@type\":\"ReadAction\",\"target\":[\"https:\/\/mi-pagina.mx\/guadalajara\/publicidad-en-google\/\"]}]},{\"@type\":\"BreadcrumbList\",\"@id\":\"https:\/\/mi-pagina.mx\/guadalajara\/publicidad-en-google\/#breadcrumb\",\"itemListElement\":[{\"@type\":\"ListItem\",\"position\":1,\"name\":\"Portada\",\"item\":\"https:\/\/mi-pagina.mx\/guadalajara\/\"},{\"@type\":\"ListItem\",\"position\":2,\"name\":\"Publicidad en Google\"}]},{\"@type\":\"WebSite\",\"@id\":\"https:\/\/mi-pagina.mx\/guadalajara\/#website\",\"url\":\"https:\/\/mi-pagina.mx\/guadalajara\/\",\"name\":\"Mi Pagina\",\"description\":\"Dise\u00f1o de Paginas Web en Puebla\",\"publisher\":{\"@id\":\"https:\/\/mi-pagina.mx\/guadalajara\/#organization\"},\"potentialAction\":[{\"@type\":\"SearchAction\",\"target\":{\"@type\":\"EntryPoint\",\"urlTemplate\":\"https:\/\/mi-pagina.mx\/guadalajara\/?s={search_term_string}\"},\"query-input\":\"required name=search_term_string\"}],\"inLanguage\":\"es\"},{\"@type\":\"Organization\",\"@id\":\"https:\/\/mi-pagina.mx\/guadalajara\/#organization\",\"name\":\"Mi P\u00e1gina.mx\",\"url\":\"https:\/\/mi-pagina.mx\/guadalajara\/\",\"logo\":{\"@type\":\"ImageObject\",\"inLanguage\":\"es\",\"@id\":\"https:\/\/mi-pagina.mx\/guadalajara\/#\/schema\/logo\/image\/\",\"url\":\"https:\/\/mi-pagina.mx\/wp-content\/uploads\/2022\/01\/Mi-Pagina-Agencia-de-Marketing-Mexico.png\",\"contentUrl\":\"https:\/\/mi-pagina.mx\/wp-content\/uploads\/2022\/01\/Mi-Pagina-Agencia-de-Marketing-Mexico.png\",\"width\":501,\"height\":85,\"caption\":\"Mi P\u00e1gina.mx\"},\"image\":{\"@id\":\"https:\/\/mi-pagina.mx\/guadalajara\/#\/schema\/logo\/image\/\"}}]}<\/script>\n<!-- \/ Yoast SEO plugin. -->","yoast_head_json":{"title":"Publicidad en Google atractiva y funcional | Mi P\u00e1gina Guadalajara","description":"\u2705 Publicidad en Google \u2705 Conviertete en la primera opci\u00f3n cuando busquen tus productos o servicios \u2705 A la medida de tus necesidades","robots":{"index":"index","follow":"follow","max-snippet":"max-snippet:-1","max-image-preview":"max-image-preview:large","max-video-preview":"max-video-preview:-1"},"canonical":"https:\/\/mi-pagina.mx\/guadalajara\/publicidad-en-google\/","og_locale":"es_ES","og_type":"article","og_title":"Publicidad en Google atractiva y fuincional | Mi Pagina.mx","og_description":"\u2705 Publicidad en Google \u2705 Conviertete en la primera opci\u00f3n cuando busquen tus productos o servicios \u2705 A la medida de tus necesidades","og_url":"https:\/\/mi-pagina.mx\/guadalajara\/publicidad-en-google\/","og_site_name":"Mi Pagina","article_modified_time":"2025-07-07T19:15:48+00:00","og_image":[{"width":501,"height":85,"url":"https:\/\/mi-pagina.mx\/guadalajara\/wp-content\/uploads\/2022\/01\/Mi-Pagina-Agencia-de-Marketing-Mexico.png","type":"image\/png"}],"twitter_card":"summary_large_image","twitter_title":"Publicidad en Google atractiva y fuincional | Mi Pagina.mx","twitter_description":"\u2705 Publicidad en Google \u2705 Conviertete en la primera opci\u00f3n cuando busquen tus productos o servicios \u2705 A la medida de tus necesidades","twitter_image":"https:\/\/mi-pagina.mx\/guadalajara\/wp-content\/uploads\/2022\/01\/Mi-Pagina-Agencia-de-Marketing-Mexico.png","twitter_misc":{"Tiempo de lectura":"2 minutos"},"schema":{"@context":"https:\/\/schema.org","@graph":[{"@type":"WebPage","@id":"https:\/\/mi-pagina.mx\/guadalajara\/publicidad-en-google\/","url":"https:\/\/mi-pagina.mx\/guadalajara\/publicidad-en-google\/","name":"Publicidad en Google atractiva y funcional | Mi P\u00e1gina Guadalajara","isPartOf":{"@id":"https:\/\/mi-pagina.mx\/guadalajara\/#website"},"datePublished":"2017-12-07T00:02:30+00:00","dateModified":"2025-07-07T19:15:48+00:00","description":"\u2705 Publicidad en Google \u2705 Conviertete en la primera opci\u00f3n cuando busquen tus productos o servicios \u2705 A la medida de tus necesidades","breadcrumb":{"@id":"https:\/\/mi-pagina.mx\/guadalajara\/publicidad-en-google\/#breadcrumb"},"inLanguage":"es","potentialAction":[{"@type":"ReadAction","target":["https:\/\/mi-pagina.mx\/guadalajara\/publicidad-en-google\/"]}]},{"@type":"BreadcrumbList","@id":"https:\/\/mi-pagina.mx\/guadalajara\/publicidad-en-google\/#breadcrumb","itemListElement":[{"@type":"ListItem","position":1,"name":"Portada","item":"https:\/\/mi-pagina.mx\/guadalajara\/"},{"@type":"ListItem","position":2,"name":"Publicidad en Google"}]},{"@type":"WebSite","@id":"https:\/\/mi-pagina.mx\/guadalajara\/#website","url":"https:\/\/mi-pagina.mx\/guadalajara\/","name":"Mi Pagina","description":"Dise\u00f1o de Paginas Web en Puebla","publisher":{"@id":"https:\/\/mi-pagina.mx\/guadalajara\/#organization"},"potentialAction":[{"@type":"SearchAction","target":{"@type":"EntryPoint","urlTemplate":"https:\/\/mi-pagina.mx\/guadalajara\/?s={search_term_string}"},"query-input":"required name=search_term_string"}],"inLanguage":"es"},{"@type":"Organization","@id":"https:\/\/mi-pagina.mx\/guadalajara\/#organization","name":"Mi P\u00e1gina.mx","url":"https:\/\/mi-pagina.mx\/guadalajara\/","logo":{"@type":"ImageObject","inLanguage":"es","@id":"https:\/\/mi-pagina.mx\/guadalajara\/#\/schema\/logo\/image\/","url":"https:\/\/mi-pagina.mx\/wp-content\/uploads\/2022\/01\/Mi-Pagina-Agencia-de-Marketing-Mexico.png","contentUrl":"https:\/\/mi-pagina.mx\/wp-content\/uploads\/2022\/01\/Mi-Pagina-Agencia-de-Marketing-Mexico.png","width":501,"height":85,"caption":"Mi P\u00e1gina.mx"},"image":{"@id":"https:\/\/mi-pagina.mx\/guadalajara\/#\/schema\/logo\/image\/"}}]}},"_links":{"self":[{"href":"https:\/\/mi-pagina.mx\/guadalajara\/wp-json\/wp\/v2\/pages\/217","targetHints":{"allow":["GET"]}}],"collection":[{"href":"https:\/\/mi-pagina.mx\/guadalajara\/wp-json\/wp\/v2\/pages"}],"about":[{"href":"https:\/\/mi-pagina.mx\/guadalajara\/wp-json\/wp\/v2\/types\/page"}],"author":[{"embeddable":true,"href":"https:\/\/mi-pagina.mx\/guadalajara\/wp-json\/wp\/v2\/users\/1"}],"replies":[{"embeddable":true,"href":"https:\/\/mi-pagina.mx\/guadalajara\/wp-json\/wp\/v2\/comments?post=217"}],"version-history":[{"count":3,"href":"https:\/\/mi-pagina.mx\/guadalajara\/wp-json\/wp\/v2\/pages\/217\/revisions"}],"predecessor-version":[{"id":1030,"href":"https:\/\/mi-pagina.mx\/guadalajara\/wp-json\/wp\/v2\/pages\/217\/revisions\/1030"}],"wp:attachment":[{"href":"https:\/\/mi-pagina.mx\/guadalajara\/wp-json\/wp\/v2\/media?parent=217"}],"curies":[{"name":"wp","href":"https:\/\/api.w.org\/{rel}","templated":true}]}}