{"id":215,"date":"2017-12-07T00:01:39","date_gmt":"2017-12-07T00:01:39","guid":{"rendered":"http:\/\/mi-pagina.mx\/?page_id=215"},"modified":"2025-07-07T13:13:24","modified_gmt":"2025-07-07T19:13:24","slug":"tiendas-en-linea","status":"publish","type":"page","link":"https:\/\/mi-pagina.mx\/guadalajara\/tiendas-en-linea\/","title":{"rendered":"Tiendas en L\u00ednea"},"content":{"rendered":"<p>[et_pb_section fb_built=\u00bb1&#8243; _builder_version=\u00bb4.16&#8243; use_background_color_gradient=\u00bbon\u00bb background_color_gradient_stops=\u00bbrgba(216,216,216,0) 0%|rgba(41,196,169,0.15) 100%\u00bb background_color_gradient_start=\u00bbrgba(216,216,216,0)\u00bb background_color_gradient_end=\u00bbrgba(41,196,169,0.15)\u00bb global_colors_info=\u00bb{}\u00bb][et_pb_row _builder_version=\u00bb4.16&#8243; background_size=\u00bbinitial\u00bb background_position=\u00bbtop_left\u00bb background_repeat=\u00bbrepeat\u00bb global_colors_info=\u00bb{}\u00bb column_structure=\u00bb1_2,1_2&#8243;][et_pb_column type=\u00bb1_2&#8243; _builder_version=\u00bb4.16&#8243; custom_padding=\u00bb|||\u00bb global_colors_info=\u00bb{}\u00bb custom_padding__hover=\u00bb|||\u00bb][et_pb_divider show_divider=\u00bboff\u00bb disabled_on=\u00bbon|on|\u00bb _builder_version=\u00bb4.16&#8243; height=\u00bb50px\u00bb global_colors_info=\u00bb{}\u00bb][\/et_pb_divider][et_pb_image src=\u00bbhttps:\/\/mi-pagina.mx\/wp-content\/uploads\/2019\/03\/tiendas-en-linea-mi-pagina.jpg\u00bb align=\u00bbright\u00bb align_tablet=\u00bbcenter\u00bb align_last_edited=\u00bbon|desktop\u00bb _builder_version=\u00bb4.16&#8243; max_width=\u00bb120%\u00bb animation_style=\u00bbfade\u00bb always_center_on_mobile=\u00bbon\u00bb global_colors_info=\u00bb{}\u00bb align_phone=\u00bbcenter\u00bb][\/et_pb_image][\/et_pb_column][et_pb_column type=\u00bb1_2&#8243; _builder_version=\u00bb4.16&#8243; custom_padding=\u00bb|||\u00bb global_colors_info=\u00bb{}\u00bb custom_padding__hover=\u00bb|||\u00bb][et_pb_text _builder_version=\u00bb4.16&#8243; global_colors_info=\u00bb{}\u00bb]<\/p>\n<h1>Mi Tienda<br \/>\n<strong><span style=\"color: #5cc6d0;\">EN L\u00cdNEA<\/span><\/strong><\/h1>\n<p>El Ecommerce ha crecido exponencialmente en M\u00e9xico cada a\u00f1o, en Mi P\u00e1gina proveemos de una aplicaci\u00f3n on line auto administrable, de f\u00e1cil gesti\u00f3n que ofrece una interfaz de tus productos, clientes y un panel de control en espa\u00f1ol para el control de tu inventario y reportes e incluye:<\/p>\n<ul>\n<li>Dominio y servidor especializado<\/li>\n<li>Carga de productos<\/li>\n<li>Conexi\u00f3n a Paypal, OpenPay, Mercado Pago, Conekta y Bancos<\/li>\n<li>Gesti\u00f3n de clientes y usuarios<\/li>\n<li>Cupones de descuento<\/li>\n<li>Clasificaci\u00f3n de productos<\/li>\n<li>Secciones informativas<\/li>\n<li>Versi\u00f3n m\u00f3vil<\/li>\n<li>Versi\u00f3n tablets<\/li>\n<li>Certificado de seguridad<\/li>\n<li>Soporte y asesor\u00eda los 365 d\u00edas del a\u00f1o<\/li>\n<\/ul>\n<p>[\/et_pb_text][\/et_pb_column][\/et_pb_row][\/et_pb_section][et_pb_section fb_built=\u00bb1&#8243; _builder_version=\u00bb4.16&#8243; use_background_color_gradient=\u00bbon\u00bb background_color_gradient_stops=\u00bbrgba(41,196,169,0.15) 0%|rgba(196,196,196,0) 100%\u00bb background_color_gradient_start=\u00bbrgba(41,196,169,0.15)\u00bb background_color_gradient_end=\u00bbrgba(196,196,196,0)\u00bb global_colors_info=\u00bb{}\u00bb][et_pb_row _builder_version=\u00bb4.16&#8243; background_size=\u00bbinitial\u00bb background_position=\u00bbtop_left\u00bb background_repeat=\u00bbrepeat\u00bb global_colors_info=\u00bb{}\u00bb column_structure=\u00bb1_2,1_2&#8243;][et_pb_column type=\u00bb1_2&#8243; _builder_version=\u00bb4.16&#8243; custom_padding=\u00bb|||\u00bb global_colors_info=\u00bb{}\u00bb custom_padding__hover=\u00bb|||\u00bb][et_pb_divider show_divider=\u00bboff\u00bb disabled_on=\u00bbon|on|\u00bb _builder_version=\u00bb4.16&#8243; height=\u00bb50px\u00bb global_colors_info=\u00bb{}\u00bb][\/et_pb_divider][et_pb_text _builder_version=\u00bb4.16&#8243; global_colors_info=\u00bb{}\u00bb]<em>\u201cQuiero un catalogo on line que me permita dar a conocer lo que vendo y darle a\u00a0<strong>mis clientes\u00a0<\/strong>una forma sencilla de hacer y recibir sus pedidos\u201d<\/em><\/p>\n<p>Ofrece a tus clientes, la opci\u00f3n de hacerlo en l\u00ednea:<\/p>\n<p><img loading=\"lazy\" decoding=\"async\" class=\"alignnone size-full wp-image-337\" src=\"http:\/\/mi-pagina.mx\/wp-content\/uploads\/2017\/12\/comprasegura.png\" alt=\"\" width=\"296\" height=\"70\" \/><br \/>\n[\/et_pb_text][\/et_pb_column][et_pb_column type=\u00bb1_2&#8243; _builder_version=\u00bb4.16&#8243; custom_padding=\u00bb|||\u00bb global_colors_info=\u00bb{}\u00bb custom_padding__hover=\u00bb|||\u00bb][et_pb_image src=\u00bbhttp:\/\/mi-pagina.mx\/wp-content\/uploads\/2017\/12\/tienda-en-linea-ecommerce.png\u00bb align=\u00bbcenter\u00bb align_tablet=\u00bbcenter\u00bb align_last_edited=\u00bbon|desktop\u00bb _builder_version=\u00bb4.16&#8243; always_center_on_mobile=\u00bbon\u00bb global_colors_info=\u00bb{}\u00bb align_phone=\u00bbcenter\u00bb][\/et_pb_image][\/et_pb_column][\/et_pb_row][\/et_pb_section]<\/p>\n","protected":false},"excerpt":{"rendered":"<p>Mi Tienda EN L\u00cdNEA El Ecommerce ha crecido exponencialmente en M\u00e9xico cada a\u00f1o, en Mi P\u00e1gina proveemos de una aplicaci\u00f3n on line auto administrable, de f\u00e1cil gesti\u00f3n que ofrece una interfaz de tus productos, clientes y un panel de control en espa\u00f1ol para el control de tu inventario y reportes e incluye: Dominio y servidor [&hellip;]<\/p>\n","protected":false},"author":1,"featured_media":0,"parent":0,"menu_order":0,"comment_status":"closed","ping_status":"closed","template":"","meta":{"_et_pb_use_builder":"on","_et_pb_old_content":"","_et_gb_content_width":"","footnotes":""},"class_list":["post-215","page","type-page","status-publish","hentry"],"yoast_head":"<!-- This site is optimized with the Yoast SEO plugin v23.3 - https:\/\/yoast.com\/wordpress\/plugins\/seo\/ -->\n<title>Tienda en lineas atractivas y funcionales | Mi P\u00e1gina Guadalajara<\/title>\n<meta name=\"description\" content=\"\u2705 Carga de productos \u2705 Conexi\u00f3n a Paypal, OpenPay, Mercado Pago, Conekta y Bancos \u2705 Gesti\u00f3n de clientes y usuarios \u2705 Cupones de descuento \u2705 A tu medida\" \/>\n<meta name=\"robots\" content=\"index, follow, max-snippet:-1, max-image-preview:large, max-video-preview:-1\" \/>\n<link rel=\"canonical\" href=\"https:\/\/mi-pagina.mx\/guadalajara\/tiendas-en-linea\/\" \/>\n<meta property=\"og:locale\" content=\"es_ES\" \/>\n<meta property=\"og:type\" content=\"article\" \/>\n<meta property=\"og:title\" content=\"Tienda en lineas atractivas y funcionales | Mi Pagina.mx\" \/>\n<meta property=\"og:description\" content=\"\u2705 Carga de productos \u2705 Conexi\u00f3n a Paypal, OpenPay, Mercado Pago, Conekta y Bancos \u2705 Gesti\u00f3n de clientes y usuarios \u2705 Cupones de descuento \u2705 A tu medida\" \/>\n<meta property=\"og:url\" content=\"https:\/\/mi-pagina.mx\/guadalajara\/tiendas-en-linea\/\" \/>\n<meta property=\"og:site_name\" content=\"Mi Pagina\" \/>\n<meta property=\"article:modified_time\" content=\"2025-07-07T19:13:24+00:00\" \/>\n<meta property=\"og:image\" content=\"https:\/\/mi-pagina.mx\/guadalajara\/wp-content\/uploads\/2022\/01\/Mi-Pagina-Agencia-de-Marketing-Mexico.png\" \/>\n\t<meta property=\"og:image:width\" content=\"501\" \/>\n\t<meta property=\"og:image:height\" content=\"85\" \/>\n\t<meta property=\"og:image:type\" content=\"image\/png\" \/>\n<meta name=\"twitter:card\" content=\"summary_large_image\" \/>\n<meta name=\"twitter:title\" content=\"Tienda en lineas atractivas y funcionales | Mi Pagina.mx\" \/>\n<meta name=\"twitter:description\" content=\"\u2705 Carga de productos \u2705 Conexi\u00f3n a Paypal, OpenPay, Mercado Pago, Conekta y Bancos \u2705 Gesti\u00f3n de clientes y usuarios \u2705 Cupones de descuento \u2705 A tu medida\" \/>\n<meta name=\"twitter:image\" content=\"https:\/\/mi-pagina.mx\/guadalajara\/wp-content\/uploads\/2022\/01\/Mi-Pagina-Agencia-de-Marketing-Mexico.png\" \/>\n<meta name=\"twitter:label1\" content=\"Tiempo de lectura\" \/>\n\t<meta name=\"twitter:data1\" content=\"2 minutos\" \/>\n<script type=\"application\/ld+json\" class=\"yoast-schema-graph\">{\"@context\":\"https:\/\/schema.org\",\"@graph\":[{\"@type\":\"WebPage\",\"@id\":\"https:\/\/mi-pagina.mx\/guadalajara\/tiendas-en-linea\/\",\"url\":\"https:\/\/mi-pagina.mx\/guadalajara\/tiendas-en-linea\/\",\"name\":\"Tienda en lineas atractivas y funcionales | Mi P\u00e1gina Guadalajara\",\"isPartOf\":{\"@id\":\"https:\/\/mi-pagina.mx\/guadalajara\/#website\"},\"primaryImageOfPage\":{\"@id\":\"https:\/\/mi-pagina.mx\/guadalajara\/tiendas-en-linea\/#primaryimage\"},\"image\":{\"@id\":\"https:\/\/mi-pagina.mx\/guadalajara\/tiendas-en-linea\/#primaryimage\"},\"thumbnailUrl\":\"http:\/\/mi-pagina.mx\/wp-content\/uploads\/2017\/12\/comprasegura.png\",\"datePublished\":\"2017-12-07T00:01:39+00:00\",\"dateModified\":\"2025-07-07T19:13:24+00:00\",\"description\":\"\u2705 Carga de productos \u2705 Conexi\u00f3n a Paypal, OpenPay, Mercado Pago, Conekta y Bancos \u2705 Gesti\u00f3n de clientes y usuarios \u2705 Cupones de descuento \u2705 A tu medida\",\"breadcrumb\":{\"@id\":\"https:\/\/mi-pagina.mx\/guadalajara\/tiendas-en-linea\/#breadcrumb\"},\"inLanguage\":\"es\",\"potentialAction\":[{\"@type\":\"ReadAction\",\"target\":[\"https:\/\/mi-pagina.mx\/guadalajara\/tiendas-en-linea\/\"]}]},{\"@type\":\"ImageObject\",\"inLanguage\":\"es\",\"@id\":\"https:\/\/mi-pagina.mx\/guadalajara\/tiendas-en-linea\/#primaryimage\",\"url\":\"http:\/\/mi-pagina.mx\/wp-content\/uploads\/2017\/12\/comprasegura.png\",\"contentUrl\":\"http:\/\/mi-pagina.mx\/wp-content\/uploads\/2017\/12\/comprasegura.png\"},{\"@type\":\"BreadcrumbList\",\"@id\":\"https:\/\/mi-pagina.mx\/guadalajara\/tiendas-en-linea\/#breadcrumb\",\"itemListElement\":[{\"@type\":\"ListItem\",\"position\":1,\"name\":\"Portada\",\"item\":\"https:\/\/mi-pagina.mx\/guadalajara\/\"},{\"@type\":\"ListItem\",\"position\":2,\"name\":\"Tiendas en L\u00ednea\"}]},{\"@type\":\"WebSite\",\"@id\":\"https:\/\/mi-pagina.mx\/guadalajara\/#website\",\"url\":\"https:\/\/mi-pagina.mx\/guadalajara\/\",\"name\":\"Mi Pagina\",\"description\":\"Dise\u00f1o de Paginas Web en Puebla\",\"publisher\":{\"@id\":\"https:\/\/mi-pagina.mx\/guadalajara\/#organization\"},\"potentialAction\":[{\"@type\":\"SearchAction\",\"target\":{\"@type\":\"EntryPoint\",\"urlTemplate\":\"https:\/\/mi-pagina.mx\/guadalajara\/?s={search_term_string}\"},\"query-input\":\"required name=search_term_string\"}],\"inLanguage\":\"es\"},{\"@type\":\"Organization\",\"@id\":\"https:\/\/mi-pagina.mx\/guadalajara\/#organization\",\"name\":\"Mi P\u00e1gina.mx\",\"url\":\"https:\/\/mi-pagina.mx\/guadalajara\/\",\"logo\":{\"@type\":\"ImageObject\",\"inLanguage\":\"es\",\"@id\":\"https:\/\/mi-pagina.mx\/guadalajara\/#\/schema\/logo\/image\/\",\"url\":\"https:\/\/mi-pagina.mx\/wp-content\/uploads\/2022\/01\/Mi-Pagina-Agencia-de-Marketing-Mexico.png\",\"contentUrl\":\"https:\/\/mi-pagina.mx\/wp-content\/uploads\/2022\/01\/Mi-Pagina-Agencia-de-Marketing-Mexico.png\",\"width\":501,\"height\":85,\"caption\":\"Mi P\u00e1gina.mx\"},\"image\":{\"@id\":\"https:\/\/mi-pagina.mx\/guadalajara\/#\/schema\/logo\/image\/\"}}]}<\/script>\n<!-- \/ Yoast SEO plugin. -->","yoast_head_json":{"title":"Tienda en lineas atractivas y funcionales | Mi P\u00e1gina Guadalajara","description":"\u2705 Carga de productos \u2705 Conexi\u00f3n a Paypal, OpenPay, Mercado Pago, Conekta y Bancos \u2705 Gesti\u00f3n de clientes y usuarios \u2705 Cupones de descuento \u2705 A tu medida","robots":{"index":"index","follow":"follow","max-snippet":"max-snippet:-1","max-image-preview":"max-image-preview:large","max-video-preview":"max-video-preview:-1"},"canonical":"https:\/\/mi-pagina.mx\/guadalajara\/tiendas-en-linea\/","og_locale":"es_ES","og_type":"article","og_title":"Tienda en lineas atractivas y funcionales | Mi Pagina.mx","og_description":"\u2705 Carga de productos \u2705 Conexi\u00f3n a Paypal, OpenPay, Mercado Pago, Conekta y Bancos \u2705 Gesti\u00f3n de clientes y usuarios \u2705 Cupones de descuento \u2705 A tu medida","og_url":"https:\/\/mi-pagina.mx\/guadalajara\/tiendas-en-linea\/","og_site_name":"Mi Pagina","article_modified_time":"2025-07-07T19:13:24+00:00","og_image":[{"width":501,"height":85,"url":"https:\/\/mi-pagina.mx\/guadalajara\/wp-content\/uploads\/2022\/01\/Mi-Pagina-Agencia-de-Marketing-Mexico.png","type":"image\/png"}],"twitter_card":"summary_large_image","twitter_title":"Tienda en lineas atractivas y funcionales | Mi Pagina.mx","twitter_description":"\u2705 Carga de productos \u2705 Conexi\u00f3n a Paypal, OpenPay, Mercado Pago, Conekta y Bancos \u2705 Gesti\u00f3n de clientes y usuarios \u2705 Cupones de descuento \u2705 A tu medida","twitter_image":"https:\/\/mi-pagina.mx\/guadalajara\/wp-content\/uploads\/2022\/01\/Mi-Pagina-Agencia-de-Marketing-Mexico.png","twitter_misc":{"Tiempo de lectura":"2 minutos"},"schema":{"@context":"https:\/\/schema.org","@graph":[{"@type":"WebPage","@id":"https:\/\/mi-pagina.mx\/guadalajara\/tiendas-en-linea\/","url":"https:\/\/mi-pagina.mx\/guadalajara\/tiendas-en-linea\/","name":"Tienda en lineas atractivas y funcionales | Mi P\u00e1gina Guadalajara","isPartOf":{"@id":"https:\/\/mi-pagina.mx\/guadalajara\/#website"},"primaryImageOfPage":{"@id":"https:\/\/mi-pagina.mx\/guadalajara\/tiendas-en-linea\/#primaryimage"},"image":{"@id":"https:\/\/mi-pagina.mx\/guadalajara\/tiendas-en-linea\/#primaryimage"},"thumbnailUrl":"http:\/\/mi-pagina.mx\/wp-content\/uploads\/2017\/12\/comprasegura.png","datePublished":"2017-12-07T00:01:39+00:00","dateModified":"2025-07-07T19:13:24+00:00","description":"\u2705 Carga de productos \u2705 Conexi\u00f3n a Paypal, OpenPay, Mercado Pago, Conekta y Bancos \u2705 Gesti\u00f3n de clientes y usuarios \u2705 Cupones de descuento \u2705 A tu medida","breadcrumb":{"@id":"https:\/\/mi-pagina.mx\/guadalajara\/tiendas-en-linea\/#breadcrumb"},"inLanguage":"es","potentialAction":[{"@type":"ReadAction","target":["https:\/\/mi-pagina.mx\/guadalajara\/tiendas-en-linea\/"]}]},{"@type":"ImageObject","inLanguage":"es","@id":"https:\/\/mi-pagina.mx\/guadalajara\/tiendas-en-linea\/#primaryimage","url":"http:\/\/mi-pagina.mx\/wp-content\/uploads\/2017\/12\/comprasegura.png","contentUrl":"http:\/\/mi-pagina.mx\/wp-content\/uploads\/2017\/12\/comprasegura.png"},{"@type":"BreadcrumbList","@id":"https:\/\/mi-pagina.mx\/guadalajara\/tiendas-en-linea\/#breadcrumb","itemListElement":[{"@type":"ListItem","position":1,"name":"Portada","item":"https:\/\/mi-pagina.mx\/guadalajara\/"},{"@type":"ListItem","position":2,"name":"Tiendas en L\u00ednea"}]},{"@type":"WebSite","@id":"https:\/\/mi-pagina.mx\/guadalajara\/#website","url":"https:\/\/mi-pagina.mx\/guadalajara\/","name":"Mi Pagina","description":"Dise\u00f1o de Paginas Web en Puebla","publisher":{"@id":"https:\/\/mi-pagina.mx\/guadalajara\/#organization"},"potentialAction":[{"@type":"SearchAction","target":{"@type":"EntryPoint","urlTemplate":"https:\/\/mi-pagina.mx\/guadalajara\/?s={search_term_string}"},"query-input":"required name=search_term_string"}],"inLanguage":"es"},{"@type":"Organization","@id":"https:\/\/mi-pagina.mx\/guadalajara\/#organization","name":"Mi P\u00e1gina.mx","url":"https:\/\/mi-pagina.mx\/guadalajara\/","logo":{"@type":"ImageObject","inLanguage":"es","@id":"https:\/\/mi-pagina.mx\/guadalajara\/#\/schema\/logo\/image\/","url":"https:\/\/mi-pagina.mx\/wp-content\/uploads\/2022\/01\/Mi-Pagina-Agencia-de-Marketing-Mexico.png","contentUrl":"https:\/\/mi-pagina.mx\/wp-content\/uploads\/2022\/01\/Mi-Pagina-Agencia-de-Marketing-Mexico.png","width":501,"height":85,"caption":"Mi P\u00e1gina.mx"},"image":{"@id":"https:\/\/mi-pagina.mx\/guadalajara\/#\/schema\/logo\/image\/"}}]}},"_links":{"self":[{"href":"https:\/\/mi-pagina.mx\/guadalajara\/wp-json\/wp\/v2\/pages\/215","targetHints":{"allow":["GET"]}}],"collection":[{"href":"https:\/\/mi-pagina.mx\/guadalajara\/wp-json\/wp\/v2\/pages"}],"about":[{"href":"https:\/\/mi-pagina.mx\/guadalajara\/wp-json\/wp\/v2\/types\/page"}],"author":[{"embeddable":true,"href":"https:\/\/mi-pagina.mx\/guadalajara\/wp-json\/wp\/v2\/users\/1"}],"replies":[{"embeddable":true,"href":"https:\/\/mi-pagina.mx\/guadalajara\/wp-json\/wp\/v2\/comments?post=215"}],"version-history":[{"count":3,"href":"https:\/\/mi-pagina.mx\/guadalajara\/wp-json\/wp\/v2\/pages\/215\/revisions"}],"predecessor-version":[{"id":1028,"href":"https:\/\/mi-pagina.mx\/guadalajara\/wp-json\/wp\/v2\/pages\/215\/revisions\/1028"}],"wp:attachment":[{"href":"https:\/\/mi-pagina.mx\/guadalajara\/wp-json\/wp\/v2\/media?parent=215"}],"curies":[{"name":"wp","href":"https:\/\/api.w.org\/{rel}","templated":true}]}}